{"id":629,"date":"2025-07-17T18:47:49","date_gmt":"2025-07-17T21:47:49","guid":{"rendered":"https:\/\/www.eplacas.com.br\/index.php\/minha-conta\/"},"modified":"2025-12-03T12:16:56","modified_gmt":"2025-12-03T15:16:56","slug":"minha-conta","status":"publish","type":"page","link":"https:\/\/www.eplacas.com.br\/index.php\/minha-conta\/","title":{"rendered":"Minha conta"},"content":{"rendered":"\t\t<div data-elementor-type=\"wp-page\" data-elementor-id=\"629\" class=\"elementor elementor-629\" data-elementor-post-type=\"page\">\n\t\t\t\t<div class=\"elementor-element elementor-element-2b2f735e e-flex e-con-boxed e-con e-parent\" data-id=\"2b2f735e\" data-element_type=\"container\" data-e-type=\"container\">\n\t\t\t\t\t<div class=\"e-con-inner\">\n\t\t<div class=\"elementor-element elementor-element-5cf4fbd e-con-full e-flex e-con e-child\" data-id=\"5cf4fbd\" data-element_type=\"container\" data-e-type=\"container\" data-settings=\"{&quot;background_background&quot;:&quot;gradient&quot;}\">\n\t\t\t\t<\/div>\n\t\t<div class=\"elementor-element elementor-element-d6520cd e-con-full e-flex e-con e-child\" data-id=\"d6520cd\" data-element_type=\"container\" data-e-type=\"container\">\n\t\t<div class=\"elementor-element elementor-element-9b5e221 e-con-full e-flex e-con e-child\" data-id=\"9b5e221\" data-element_type=\"container\" data-e-type=\"container\">\n\t\t\t\t<div class=\"elementor-element elementor-element-b58310a e-my-account-tabs-vertical elementor-widget elementor-widget-woocommerce-my-account\" data-id=\"b58310a\" data-element_type=\"widget\" data-e-type=\"widget\" data-widget_type=\"woocommerce-my-account.default\">\n\t\t\t\t<div class=\"elementor-widget-container\">\n\t\t\t\t\t<div class=\"e-my-account-tab e-my-account-tab__ \">\t\t\t<div class=\"woocommerce\"><\/div>\t\t<\/div>\n\t\t\t\t\t\t<\/div>\n\t\t\t\t<\/div>\n\t\t\t\t<\/div>\n\t\t\t\t<\/div>\n\t\t\t\t\t<\/div>\n\t\t\t\t<\/div>\n\t\t\t\t<\/div>\n\t\t","protected":false},"excerpt":{"rendered":"<p>Meu Perfil Pedidos Downloads Endere\u00e7os M\u00e9todos de pagamento Detalhes da conta Sair Ol\u00e1, Made M\u00eddia (n\u00e3o \u00e9 Made M\u00eddia? Sair) A partir do painel de controle de sua conta, voc\u00ea pode ver suas compras recentes, gerenciar seus endere\u00e7os de entrega e cobran\u00e7a, e editar sua senha e detalhes da conta.<\/p>\n","protected":false},"author":1,"featured_media":0,"parent":0,"menu_order":0,"comment_status":"closed","ping_status":"closed","template":"","meta":{"_acf_changed":false,"_joinchat":[],"footnotes":""},"class_list":["post-629","page","type-page","status-publish","hentry"],"acf":[],"_links":{"self":[{"href":"https:\/\/www.eplacas.com.br\/index.php\/wp-json\/wp\/v2\/pages\/629","targetHints":{"allow":["GET"]}}],"collection":[{"href":"https:\/\/www.eplacas.com.br\/index.php\/wp-json\/wp\/v2\/pages"}],"about":[{"href":"https:\/\/www.eplacas.com.br\/index.php\/wp-json\/wp\/v2\/types\/page"}],"author":[{"embeddable":true,"href":"https:\/\/www.eplacas.com.br\/index.php\/wp-json\/wp\/v2\/users\/1"}],"replies":[{"embeddable":true,"href":"https:\/\/www.eplacas.com.br\/index.php\/wp-json\/wp\/v2\/comments?post=629"}],"version-history":[{"count":75,"href":"https:\/\/www.eplacas.com.br\/index.php\/wp-json\/wp\/v2\/pages\/629\/revisions"}],"predecessor-version":[{"id":2026,"href":"https:\/\/www.eplacas.com.br\/index.php\/wp-json\/wp\/v2\/pages\/629\/revisions\/2026"}],"wp:attachment":[{"href":"https:\/\/www.eplacas.com.br\/index.php\/wp-json\/wp\/v2\/media?parent=629"}],"curies":[{"name":"wp","href":"https:\/\/api.w.org\/{rel}","templated":true}]}}